{"id":45,"date":"2023-11-02T06:48:53","date_gmt":"2023-11-02T05:48:53","guid":{"rendered":"https:\/\/stellasidi.com.ar\/nuevo\/?page_id=45"},"modified":"2023-11-18T04:42:53","modified_gmt":"2023-11-18T03:42:53","slug":"comentarios","status":"publish","type":"page","link":"https:\/\/stellasidi.com.ar\/index.php\/comentarios\/","title":{"rendered":"comentarios"},"content":{"rendered":"\t\t<div data-elementor-type=\"wp-page\" data-elementor-id=\"45\" class=\"elementor elementor-45\" data-elementor-post-type=\"page\">\n\t\t\t\t<div class=\"elementor-element elementor-element-21d1ea3 e-flex e-con-boxed e-con e-parent\" data-id=\"21d1ea3\" data-element_type=\"container\" data-e-type=\"container\" data-settings=\"{&quot;background_background&quot;:&quot;classic&quot;}\">\n\t\t\t\t\t<div class=\"e-con-inner\">\n\t\t\t\t<div class=\"elementor-element elementor-element-2bb5372 elementor-widget elementor-widget-spacer\" data-id=\"2bb5372\" data-element_type=\"widget\" data-e-type=\"widget\" data-widget_type=\"spacer.default\">\n\t\t\t\t<div class=\"elementor-widget-container\">\n\t\t\t\t\t\t\t<div class=\"elementor-spacer\">\n\t\t\t<div class=\"elementor-spacer-inner\"><\/div>\n\t\t<\/div>\n\t\t\t\t\t\t<\/div>\n\t\t\t\t<\/div>\n\t\t\t\t<div class=\"elementor-element elementor-element-dd014db elementor-widget elementor-widget-text-editor\" data-id=\"dd014db\" data-element_type=\"widget\" data-e-type=\"widget\" data-widget_type=\"text-editor.default\">\n\t\t\t\t<div class=\"elementor-widget-container\">\n\t\t\t\t\t\t\t\t\t<p>Stella Sidi en Galeria de Arte Imaginario<br \/>Por\u00a0<a href=\"https:\/\/www.laurafeinsilber.com\/author\/laura\/\" target=\"_blank\" rel=\"noopener\">LAURA FEINSILBER<\/a><\/p><p>Para la muestra antol\u00f3gica de dibujos 2000-2023 de Stella Sidi, su curadora, Gabriela Naso, titul\u00f3 su texto curatorial, \u201cEcdisis: mudando de forma\u201d.<br \/>Su etimolog\u00eda proviene del lat\u00edn moderno ecdisis cuyo significado es \u201csalir\u201d, \u201cescapar\u201d, \u201cliberarse\u201d y tambi\u00e9n \u201cdesvestirse\u201d.<br \/>A lo largo de nuestro conocimiento de la obra de esta artista nacida en Bulgaria, nacionalizada argentina, ha desvestido a las mujeres , en su mayor\u00eda protagonistas de una obra en la que la sutileza es \u201cle mot d\u2019ordre.<br \/><br \/>Jam\u00e1s la va a enrolar en alegatos pol\u00edticos feministas, eso s\u00ed, la va a mostrar \u2013sin eufemismos- en su adolescencia, juventud y vejez.<br \/>La mujer es su tema, tratado con delicadeza pero siempre con un dejo inquietante.<br \/>Cuerpos cubiertos por velos que revelan nudos, venas, arterias, costuras, todas abiertas por las que se deja ver un cuerpo vulnerable y fr\u00e1gil, cuerpos fragmentados en gasas transparentes, collages que se mimetizan con la piel.<br \/><br \/>En su muestra actual hay una combinaci\u00f3n de obras protagonizadas por esos dibujos femeninos correspondientes a diversas series : \u201cCosturas y suturas\u201d (2000), \u201cmetr\u00f3polis\u201d (2010) en las que cita a los grandes maestros de la historia del arte a los que muchos artistas no pueden sustraerse porque es la savia que los aliment\u00f3 , Aamores prohibidos\u201d (2007), \u201cGeograf\u00eda del cuerpo\u201d (2002-2017).<br \/>Tambi\u00e9n pueden verse t\u00e9nicas mixtas pertenecientes a su serie \u201cc\u00e9lulas\u201d (2019) en las que apel\u00f3 no s\u00f3lo al l\u00e1piz y la tinta sino a materiales vegetales sobre papel. Unas omnipresentes flores de un jard\u00edn imaginario donde se refugi\u00f3 durante la pandemia y los fantasmas que acosaban durante ese incierto per\u00edodo, electrocardiogramas, \u00e1rboles geneal\u00f3gicos, rostros de sus seres queridos.<br \/><br \/>Es decir, Stella Sidi, propone ese despojamiento que ahora ha llevado a un bestiario protagonizado por ara\u00f1as, que se desprenden de su antigua piel, bichos de largas patas peludas, avispas, t\u00e1banos, cascarudos en b\u00fasqueda de su transformaci\u00f3n o sea, despojarse de su encarnadura para seguir viviendo.<br \/>Qu\u00e9 est\u00e1 expresando esta artista? Apela a la met\u00e1fora, tan esencial al arte, para a su manera, describir la lucha del hombre para sobrevivir en un mundo tan hostil, de all\u00ed, el car\u00e1cter siniestro que emana de los protagonistas de ese\u00a0 \u201cbestiario\u201d.<br \/><br \/>Stella Sidi, en esta muestra confirma, afirma, que todav\u00eda en tiempos de la hipervisibilidad, de la virtualidad,\u00a0 de la instantaneidad y agregamos, de la AI , \u201chay todav\u00eda espacio para una imagen\u201d como lo se\u00f1alaba el fil\u00f3sofo y soci\u00f3logo franc\u00e9s\u00a0 Jean Baudrillard .<br \/>Stella Sidi egres\u00f3 de las Escuelas Nacionales de Arte Manuel Belgrano y Prilidiano Pueyyred\u00f3n, ha expuesto en m\u00e1s de 100 muestras colectivas e individuales, obtuvo diversos premios en lo nacional e internacional. A partir de 1999 y hasta 2018 produjo y condujo su propio programa de difusi\u00f3n de las artes visuales \u201cPinceladas y otros condimentos\u201d en Radio Cultura. Actualmente lo hace con el mismo nombre en www.conexionabierta.com.ar<\/p><p>Publicado en Ambito Financiero (14\/8\/23)<\/p>\t\t\t\t\t\t\t\t<\/div>\n\t\t\t\t<\/div>\n\t\t\t\t\t<\/div>\n\t\t\t\t<\/div>\n\t\t<div class=\"elementor-element elementor-element-b2068a3 e-flex e-con-boxed e-con e-parent\" data-id=\"b2068a3\" data-element_type=\"container\" data-e-type=\"container\">\n\t\t\t\t\t<div class=\"e-con-inner\">\n\t\t\t\t<div class=\"elementor-element elementor-element-a3c0784 elementor-widget elementor-widget-spacer\" data-id=\"a3c0784\" data-element_type=\"widget\" data-e-type=\"widget\" data-widget_type=\"spacer.default\">\n\t\t\t\t<div class=\"elementor-widget-container\">\n\t\t\t\t\t\t\t<div class=\"elementor-spacer\">\n\t\t\t<div class=\"elementor-spacer-inner\"><\/div>\n\t\t<\/div>\n\t\t\t\t\t\t<\/div>\n\t\t\t\t<\/div>\n\t\t\t\t<div class=\"elementor-element elementor-element-1f0a33f elementor-widget elementor-widget-gallery\" data-id=\"1f0a33f\" data-element_type=\"widget\" data-e-type=\"widget\" data-settings=\"{&quot;gallery_layout&quot;:&quot;masonry&quot;,&quot;columns&quot;:2,&quot;lazyload&quot;:&quot;yes&quot;,&quot;columns_tablet&quot;:2,&quot;columns_mobile&quot;:1,&quot;gap&quot;:{&quot;unit&quot;:&quot;px&quot;,&quot;size&quot;:10,&quot;sizes&quot;:[]},&quot;gap_tablet&quot;:{&quot;unit&quot;:&quot;px&quot;,&quot;size&quot;:10,&quot;sizes&quot;:[]},&quot;gap_mobile&quot;:{&quot;unit&quot;:&quot;px&quot;,&quot;size&quot;:10,&quot;sizes&quot;:[]},&quot;link_to&quot;:&quot;file&quot;,&quot;overlay_background&quot;:&quot;yes&quot;,&quot;content_hover_animation&quot;:&quot;fade-in&quot;}\" data-widget_type=\"gallery.default\">\n\t\t\t\t<div class=\"elementor-widget-container\">\n\t\t\t\t\t\t\t<div class=\"elementor-gallery__container\">\n\t\t\t\t\t\t\t<a class=\"e-gallery-item elementor-gallery-item elementor-animated-content\" href=\"https:\/\/stellasidi.com.ar\/wp-content\/uploads\/2023\/11\/IMG_20180123_082301097-1.jpg\" data-elementor-open-lightbox=\"yes\" data-elementor-lightbox-slideshow=\"1f0a33f\" data-elementor-lightbox-title=\"IMG_20180123_082301097\" data-e-action-hash=\"#elementor-action%3Aaction%3Dlightbox%26settings%3DeyJpZCI6NzQzLCJ1cmwiOiJodHRwczpcL1wvc3RlbGxhc2lkaS5jb20uYXJcL3dwLWNvbnRlbnRcL3VwbG9hZHNcLzIwMjNcLzExXC9JTUdfMjAxODAxMjNfMDgyMzAxMDk3LTEuanBnIiwic2xpZGVzaG93IjoiMWYwYTMzZiJ9\">\n\t\t\t\t\t<div class=\"e-gallery-image elementor-gallery-item__image\" data-thumbnail=\"https:\/\/stellasidi.com.ar\/wp-content\/uploads\/2023\/11\/IMG_20180123_082301097-1.jpg\" data-width=\"1236\" data-height=\"928\" aria-label=\"\" role=\"img\" ><\/div>\n\t\t\t\t\t\t\t\t\t\t\t<div class=\"elementor-gallery-item__overlay\"><\/div>\n\t\t\t\t\t\t\t\t\t\t\t\t\t\t<\/a>\n\t\t\t\t\t\t\t<a class=\"e-gallery-item elementor-gallery-item elementor-animated-content\" href=\"https:\/\/stellasidi.com.ar\/wp-content\/uploads\/2023\/11\/ambito_copia.webp\" data-elementor-open-lightbox=\"yes\" data-elementor-lightbox-slideshow=\"1f0a33f\" data-elementor-lightbox-title=\"ambito_copia\" data-e-action-hash=\"#elementor-action%3Aaction%3Dlightbox%26settings%3DeyJpZCI6NzQ0LCJ1cmwiOiJodHRwczpcL1wvc3RlbGxhc2lkaS5jb20uYXJcL3dwLWNvbnRlbnRcL3VwbG9hZHNcLzIwMjNcLzExXC9hbWJpdG9fY29waWEud2VicCIsInNsaWRlc2hvdyI6IjFmMGEzM2YifQ%3D%3D\">\n\t\t\t\t\t<div class=\"e-gallery-image elementor-gallery-item__image\" data-thumbnail=\"https:\/\/stellasidi.com.ar\/wp-content\/uploads\/2023\/11\/ambito_copia.webp\" data-width=\"800\" data-height=\"1182\" aria-label=\"\" role=\"img\" ><\/div>\n\t\t\t\t\t\t\t\t\t\t\t<div class=\"elementor-gallery-item__overlay\"><\/div>\n\t\t\t\t\t\t\t\t\t\t\t\t\t\t<\/a>\n\t\t\t\t\t\t\t<a class=\"e-gallery-item elementor-gallery-item elementor-animated-content\" href=\"https:\/\/stellasidi.com.ar\/wp-content\/uploads\/2023\/11\/dieguez_videla_copia.webp\" data-elementor-open-lightbox=\"yes\" data-elementor-lightbox-slideshow=\"1f0a33f\" data-elementor-lightbox-title=\"dieguez_videla_copia\" data-e-action-hash=\"#elementor-action%3Aaction%3Dlightbox%26settings%3DeyJpZCI6NzQ1LCJ1cmwiOiJodHRwczpcL1wvc3RlbGxhc2lkaS5jb20uYXJcL3dwLWNvbnRlbnRcL3VwbG9hZHNcLzIwMjNcLzExXC9kaWVndWV6X3ZpZGVsYV9jb3BpYS53ZWJwIiwic2xpZGVzaG93IjoiMWYwYTMzZiJ9\">\n\t\t\t\t\t<div class=\"e-gallery-image elementor-gallery-item__image\" data-thumbnail=\"https:\/\/stellasidi.com.ar\/wp-content\/uploads\/2023\/11\/dieguez_videla_copia.webp\" data-width=\"800\" data-height=\"1136\" aria-label=\"\" role=\"img\" ><\/div>\n\t\t\t\t\t\t\t\t\t\t\t<div class=\"elementor-gallery-item__overlay\"><\/div>\n\t\t\t\t\t\t\t\t\t\t\t\t\t\t<\/a>\n\t\t\t\t\t\t\t<a class=\"e-gallery-item elementor-gallery-item elementor-animated-content\" href=\"https:\/\/stellasidi.com.ar\/wp-content\/uploads\/2023\/11\/nota-en-Ambito.webp\" data-elementor-open-lightbox=\"yes\" data-elementor-lightbox-slideshow=\"1f0a33f\" data-elementor-lightbox-title=\"nota-en-Ambito\" data-e-action-hash=\"#elementor-action%3Aaction%3Dlightbox%26settings%3DeyJpZCI6NzQ2LCJ1cmwiOiJodHRwczpcL1wvc3RlbGxhc2lkaS5jb20uYXJcL3dwLWNvbnRlbnRcL3VwbG9hZHNcLzIwMjNcLzExXC9ub3RhLWVuLUFtYml0by53ZWJwIiwic2xpZGVzaG93IjoiMWYwYTMzZiJ9\">\n\t\t\t\t\t<div class=\"e-gallery-image elementor-gallery-item__image\" data-thumbnail=\"https:\/\/stellasidi.com.ar\/wp-content\/uploads\/2023\/11\/nota-en-Ambito.webp\" data-width=\"1417\" data-height=\"897\" aria-label=\"\" role=\"img\" ><\/div>\n\t\t\t\t\t\t\t\t\t\t\t<div class=\"elementor-gallery-item__overlay\"><\/div>\n\t\t\t\t\t\t\t\t\t\t\t\t\t\t<\/a>\n\t\t\t\t\t\t\t<a class=\"e-gallery-item elementor-gallery-item elementor-animated-content\" href=\"https:\/\/stellasidi.com.ar\/wp-content\/uploads\/2023\/11\/novias_clarin.webp\" data-elementor-open-lightbox=\"yes\" data-elementor-lightbox-slideshow=\"1f0a33f\" data-elementor-lightbox-title=\"novias_clarin\" data-e-action-hash=\"#elementor-action%3Aaction%3Dlightbox%26settings%3DeyJpZCI6NzQ3LCJ1cmwiOiJodHRwczpcL1wvc3RlbGxhc2lkaS5jb20uYXJcL3dwLWNvbnRlbnRcL3VwbG9hZHNcLzIwMjNcLzExXC9ub3ZpYXNfY2xhcmluLndlYnAiLCJzbGlkZXNob3ciOiIxZjBhMzNmIn0%3D\">\n\t\t\t\t\t<div class=\"e-gallery-image elementor-gallery-item__image\" data-thumbnail=\"https:\/\/stellasidi.com.ar\/wp-content\/uploads\/2023\/11\/novias_clarin.webp\" data-width=\"700\" data-height=\"935\" aria-label=\"\" role=\"img\" ><\/div>\n\t\t\t\t\t\t\t\t\t\t\t<div class=\"elementor-gallery-item__overlay\"><\/div>\n\t\t\t\t\t\t\t\t\t\t\t\t\t\t<\/a>\n\t\t\t\t\t\t\t<a class=\"e-gallery-item elementor-gallery-item elementor-animated-content\" href=\"https:\/\/stellasidi.com.ar\/wp-content\/uploads\/2023\/11\/nueva.webp\" data-elementor-open-lightbox=\"yes\" data-elementor-lightbox-slideshow=\"1f0a33f\" data-elementor-lightbox-title=\"nueva\" data-e-action-hash=\"#elementor-action%3Aaction%3Dlightbox%26settings%3DeyJpZCI6NzQ4LCJ1cmwiOiJodHRwczpcL1wvc3RlbGxhc2lkaS5jb20uYXJcL3dwLWNvbnRlbnRcL3VwbG9hZHNcLzIwMjNcLzExXC9udWV2YS53ZWJwIiwic2xpZGVzaG93IjoiMWYwYTMzZiJ9\">\n\t\t\t\t\t<div class=\"e-gallery-image elementor-gallery-item__image\" data-thumbnail=\"https:\/\/stellasidi.com.ar\/wp-content\/uploads\/2023\/11\/nueva.webp\" data-width=\"447\" data-height=\"461\" aria-label=\"\" role=\"img\" ><\/div>\n\t\t\t\t\t\t\t\t\t\t\t<div class=\"elementor-gallery-item__overlay\"><\/div>\n\t\t\t\t\t\t\t\t\t\t\t\t\t\t<\/a>\n\t\t\t\t\t<\/div>\n\t\t\t\t\t<\/div>\n\t\t\t\t<\/div>\n\t\t\t\t\t<\/div>\n\t\t\t\t<\/div>\n\t\t<div class=\"elementor-element elementor-element-3dca900 e-flex e-con-boxed e-con e-parent\" data-id=\"3dca900\" data-element_type=\"container\" data-e-type=\"container\">\n\t\t\t\t\t<div class=\"e-con-inner\">\n\t\t<div class=\"elementor-element elementor-element-a2c67fa e-con-full e-flex e-con e-child\" data-id=\"a2c67fa\" data-element_type=\"container\" data-e-type=\"container\" data-settings=\"{&quot;background_background&quot;:&quot;classic&quot;}\">\n\t\t\t\t<div class=\"elementor-element elementor-element-e55a9f5 elementor-widget elementor-widget-text-editor\" data-id=\"e55a9f5\" data-element_type=\"widget\" data-e-type=\"widget\" data-widget_type=\"text-editor.default\">\n\t\t\t\t<div class=\"elementor-widget-container\">\n\t\t\t\t\t\t\t\t\t<p>\u201cLa autora est\u00e1 siempre interesada en el tema de la mujer-obra de g\u00e9nero- lo ha venido enfocando desde diversas t\u00e9cnicas y propuestas. En esta ocasi\u00f3n, la idea es muy rica. No es solo tomar y recrear una obra de otro artista, lo que es buena y conocida pr\u00e1ctica art\u00edstica, sino que implica mirarla desde el presente, incluyendo la combinatoria t\u00e9cnica con la que la resuelve\u201d.<strong>Lic. Graciela Kartofel, Nueva York, 2009.<\/strong><\/p>\t\t\t\t\t\t\t\t<\/div>\n\t\t\t\t<\/div>\n\t\t\t\t<\/div>\n\t\t<div class=\"elementor-element elementor-element-2eaced6 e-con-full e-flex e-con e-child\" data-id=\"2eaced6\" data-element_type=\"container\" data-e-type=\"container\" data-settings=\"{&quot;background_background&quot;:&quot;classic&quot;}\">\n\t\t\t\t<div class=\"elementor-element elementor-element-4b5910c elementor-widget elementor-widget-text-editor\" data-id=\"4b5910c\" data-element_type=\"widget\" data-e-type=\"widget\" data-widget_type=\"text-editor.default\">\n\t\t\t\t<div class=\"elementor-widget-container\">\n\t\t\t\t\t\t\t\t\t<p>\u2026.\u201cLa artista palpita en sus propios trazos que definen con impecabilidad la anatom\u00eda humana . Pero una mirada m\u00e1s profunda nos permite ahondar en las verdades de su arte si nos permitimos advertir que el aparente naturalismo es, en rigor, un lenguaje aut\u00f3nomo e independiente de las referencias visuales de la actualidad\u201d\u2026.<strong>Lic Grace Bayala curadora 2011<\/strong><\/p>\t\t\t\t\t\t\t\t<\/div>\n\t\t\t\t<\/div>\n\t\t\t\t<\/div>\n\t\t\t\t\t<\/div>\n\t\t\t\t<\/div>\n\t\t\t\t<\/div>\n\t\t","protected":false},"excerpt":{"rendered":"<p>Stella Sidi en Galeria de Arte ImaginarioPor\u00a0LAURA FEINSILBER Para la muestra antol\u00f3gica de dibujos 2000-2023 de Stella Sidi, su curadora, Gabriela Naso, titul\u00f3 su texto curatorial, \u201cEcdisis: mudando de forma\u201d.Su etimolog\u00eda proviene del lat\u00edn moderno ecdisis cuyo significado es \u201csalir\u201d, \u201cescapar\u201d, \u201cliberarse\u201d y tambi\u00e9n \u201cdesvestirse\u201d.A lo largo de nuestro conocimiento de la obra de esta [&hellip;]<\/p>\n","protected":false},"author":1,"featured_media":0,"parent":0,"menu_order":0,"comment_status":"closed","ping_status":"closed","template":"","meta":{"site-sidebar-layout":"no-sidebar","site-content-layout":"","ast-site-content-layout":"full-width-container","site-content-style":"default","site-sidebar-style":"default","ast-global-header-display":"","ast-banner-title-visibility":"","ast-main-header-display":"","ast-hfb-above-header-display":"","ast-hfb-below-header-display":"","ast-hfb-mobile-header-display":"","site-post-title":"disabled","ast-breadcrumbs-content":"","ast-featured-img":"disabled","footer-sml-layout":"","ast-disable-related-posts":"","theme-transparent-header-meta":"","adv-header-id-meta":"","stick-header-meta":"","header-above-stick-meta":"","header-main-stick-meta":"","header-below-stick-meta":"","astra-migrate-meta-layouts":"default","ast-page-background-enabled":"default","ast-page-background-meta":{"desktop":{"background-color":"var(--ast-global-color-4)","background-image":"","background-repeat":"repeat","background-position":"center center","background-size":"auto","background-attachment":"scroll","background-type":"","background-media":"","overlay-type":"","overlay-color":"","overlay-opacity":"","overlay-gradient":""},"tablet":{"background-color":"","background-image":"","background-repeat":"repeat","background-position":"center center","background-size":"auto","background-attachment":"scroll","background-type":"","background-media":"","overlay-type":"","overlay-color":"","overlay-opacity":"","overlay-gradient":""},"mobile":{"background-color":"","background-image":"","background-repeat":"repeat","background-position":"center center","background-size":"auto","background-attachment":"scroll","background-type":"","background-media":"","overlay-type":"","overlay-color":"","overlay-opacity":"","overlay-gradient":""}},"ast-content-background-meta":{"desktop":{"background-color":"var(--ast-global-color-5)","background-image":"","background-repeat":"repeat","background-position":"center center","background-size":"auto","background-attachment":"scroll","background-type":"","background-media":"","overlay-type":"","overlay-color":"","overlay-opacity":"","overlay-gradient":""},"tablet":{"background-color":"var(--ast-global-color-5)","background-image":"","background-repeat":"repeat","background-position":"center center","background-size":"auto","background-attachment":"scroll","background-type":"","background-media":"","overlay-type":"","overlay-color":"","overlay-opacity":"","overlay-gradient":""},"mobile":{"background-color":"var(--ast-global-color-5)","background-image":"","background-repeat":"repeat","background-position":"center center","background-size":"auto","background-attachment":"scroll","background-type":"","background-media":"","overlay-type":"","overlay-color":"","overlay-opacity":"","overlay-gradient":""}},"footnotes":""},"class_list":["post-45","page","type-page","status-publish","hentry"],"jetpack_sharing_enabled":true,"_links":{"self":[{"href":"https:\/\/stellasidi.com.ar\/index.php\/wp-json\/wp\/v2\/pages\/45","targetHints":{"allow":["GET"]}}],"collection":[{"href":"https:\/\/stellasidi.com.ar\/index.php\/wp-json\/wp\/v2\/pages"}],"about":[{"href":"https:\/\/stellasidi.com.ar\/index.php\/wp-json\/wp\/v2\/types\/page"}],"author":[{"embeddable":true,"href":"https:\/\/stellasidi.com.ar\/index.php\/wp-json\/wp\/v2\/users\/1"}],"replies":[{"embeddable":true,"href":"https:\/\/stellasidi.com.ar\/index.php\/wp-json\/wp\/v2\/comments?post=45"}],"version-history":[{"count":16,"href":"https:\/\/stellasidi.com.ar\/index.php\/wp-json\/wp\/v2\/pages\/45\/revisions"}],"predecessor-version":[{"id":788,"href":"https:\/\/stellasidi.com.ar\/index.php\/wp-json\/wp\/v2\/pages\/45\/revisions\/788"}],"wp:attachment":[{"href":"https:\/\/stellasidi.com.ar\/index.php\/wp-json\/wp\/v2\/media?parent=45"}],"curies":[{"name":"wp","href":"https:\/\/api.w.org\/{rel}","templated":true}]}}